{"id":6801,"date":"2025-05-19T12:45:33","date_gmt":"2025-05-19T10:45:33","guid":{"rendered":"https:\/\/fundacioramonllull.eu\/collegisdiocesans\/?page_id=6801"},"modified":"2025-10-09T17:54:38","modified_gmt":"2025-10-09T15:54:38","slug":"objetius_cat","status":"publish","type":"page","link":"https:\/\/collegisdiocesans.com\/cd\/objetius_cat\/","title":{"rendered":"Objectius"},"content":{"rendered":"\t\t<div data-elementor-type=\"wp-page\" data-elementor-id=\"6801\" class=\"elementor elementor-6801\">\n\t\t\t\t<div class=\"elementor-element elementor-element-4a06cdaa e-flex e-con-boxed e-con e-parent\" data-id=\"4a06cdaa\" data-element_type=\"container\" data-e-type=\"container\">\n\t\t\t\t\t<div class=\"e-con-inner\">\n\t\t\t\t<div class=\"elementor-element elementor-element-433c02da elementor-widget elementor-widget-text-editor\" data-id=\"433c02da\" data-element_type=\"widget\" data-e-type=\"widget\" data-widget_type=\"text-editor.default\">\n\t\t\t\t<div class=\"elementor-widget-container\">\n\t\t\t\t\t\t\t\t\t\n<p>Segons consta als Estatuts de la Fundaci\u00f3, els seus principals objectius i\/o finalitats s\u00f3n:<\/p>\n<ol>\n<li>La promoci\u00f3 de l&#8217;educaci\u00f3 cristiana com a servei social sense \u00e0nim de lucre i amb prefer\u00e8ncia pels m\u00e9s necessitats.<\/li>\n<li>La defensa de la llibertat densenyament.<\/li>\n<li>Enfortir el sentit de pertinen\u00e7a al voltant d&#8217;un car\u00e0cter propi compartit per tots aquells que formen part de la comunitat educativa dels Col\u00b7legis Diocesans de Mallorca i que aquest sentit de pertinen\u00e7a es reflectisca en els diferents \u00e0mbits de gesti\u00f3, pedag\u00f2gics, pastorals, de relacions internes i de relacions amb els alumnes i les fam\u00edlies de la xarxa dels Col\u00b7legis.<\/li>\n<li>Cooperar i vetllar per augmentar l&#8217;oferta educativa de qualitat, de conformitat amb l&#8217;ideari de la Fundaci\u00f3, incentivant la investigaci\u00f3, la innovaci\u00f3 i la inserci\u00f3 social de col\u00b7lectius amb dificultats.<\/li>\n<li>Establir marcs de col\u00b7laboraci\u00f3 entre els col\u00b7legis de la Fundaci\u00f3 i la pastoral de l\u00b4Esgl\u00e9sia Diocesana.<\/li>\n<li>El foment d&#8217;una estreta cooperaci\u00f3 i col\u00b7laboraci\u00f3 de tots aquells que formen part de la comunitat educativa en el camp escolar i educacional, a trav\u00e9s de l&#8217;organitzaci\u00f3 i la participaci\u00f3 dels seus membres en congressos, cursos o altres accions formatives.<\/li>\n<li>Establir convenis o concerts educatius amb la competent administraci\u00f3 educativa.<\/li>\n<li>Determinar els continguts educatius i plans d&#8217;estudis, d&#8217;acord amb l&#8217;objecte i les finalitats de la Fundaci\u00f3, dins dels l\u00edmits que permeti la legislaci\u00f3 vigent.<\/li>\n<li>Coordinar tots els seus centres perqu\u00e8 atenguin efica\u00e7ment les necessitats descolaritzaci\u00f3, respectant, en tot cas, els particulars acords o convenis existents amb organitzacions educatives i amb la competent administraci\u00f3 educativa.<\/li>\n<li>Fomentar i estimular el perfeccionament permanent del professorat, tant espiritual o religi\u00f3s com a cient\u00edfic, promovent la formaci\u00f3 dels seus responsables, equips directius i personal.<\/li>\n<\/ol>\n<!--a=1--><!--a=1-->\t\t\t\t\t\t\t\t<\/div>\n\t\t\t\t<\/div>\n\t\t\t\t\t<\/div>\n\t\t\t\t<\/div>\n\t\t<div class=\"elementor-element elementor-element-688ff9a e-flex e-con-boxed e-con e-parent\" data-id=\"688ff9a\" data-element_type=\"container\" data-e-type=\"container\">\n\t\t\t\t\t<div class=\"e-con-inner\">\n\t\t\t\t<div class=\"elementor-element elementor-element-74b49ad elementor-widget elementor-widget-image-gallery\" data-id=\"74b49ad\" data-element_type=\"widget\" data-e-type=\"widget\" data-widget_type=\"image-gallery.default\">\n\t\t\t\t<div class=\"elementor-widget-container\">\n\t\t\t\t\t\t\t<div class=\"elementor-image-gallery\">\n\t\t\t<div id='gallery-1' class='gallery galleryid-6801 gallery-columns-2 gallery-size-large'><figure class='gallery-item'>\n\t\t\t<div class='gallery-icon landscape'>\n\t\t\t\t<a data-elementor-open-lightbox=\"yes\" data-elementor-lightbox-slideshow=\"74b49ad\" data-elementor-lightbox-title=\"galeria2.2\" data-e-action-hash=\"#elementor-action%3Aaction%3Dlightbox%26settings%3DeyJpZCI6NzA1OSwidXJsIjoiaHR0cHM6XC9cL2NvbGxlZ2lzZGlvY2VzYW5zLmNvbVwvY2RcL3dwLWNvbnRlbnRcL3VwbG9hZHNcLzIwMjVcLzA1XC9nYWxlcmlhMi4yLTEuanBnIiwic2xpZGVzaG93IjoiNzRiNDlhZCJ9\" href='https:\/\/collegisdiocesans.com\/cd\/wp-content\/uploads\/2025\/05\/galeria2.2-1.jpg'><img fetchpriority=\"high\" decoding=\"async\" width=\"640\" height=\"640\" src=\"https:\/\/collegisdiocesans.com\/cd\/wp-content\/uploads\/2025\/05\/galeria2.2-1-1024x1024.jpg\" class=\"attachment-large size-large\" alt=\"\" srcset=\"https:\/\/collegisdiocesans.com\/cd\/wp-content\/uploads\/2025\/05\/galeria2.2-1-1024x1024.jpg 1024w, https:\/\/collegisdiocesans.com\/cd\/wp-content\/uploads\/2025\/05\/galeria2.2-1-300x300.jpg 300w, https:\/\/collegisdiocesans.com\/cd\/wp-content\/uploads\/2025\/05\/galeria2.2-1-150x150.jpg 150w, https:\/\/collegisdiocesans.com\/cd\/wp-content\/uploads\/2025\/05\/galeria2.2-1-768x768.jpg 768w, https:\/\/collegisdiocesans.com\/cd\/wp-content\/uploads\/2025\/05\/galeria2.2-1.jpg 1300w\" sizes=\"(max-width: 640px) 100vw, 640px\" \/><\/a>\n\t\t\t<\/div><\/figure><figure class='gallery-item'>\n\t\t\t<div class='gallery-icon landscape'>\n\t\t\t\t<a data-elementor-open-lightbox=\"yes\" data-elementor-lightbox-slideshow=\"74b49ad\" data-elementor-lightbox-title=\"galeria2\" data-e-action-hash=\"#elementor-action%3Aaction%3Dlightbox%26settings%3DeyJpZCI6NzA2MCwidXJsIjoiaHR0cHM6XC9cL2NvbGxlZ2lzZGlvY2VzYW5zLmNvbVwvY2RcL3dwLWNvbnRlbnRcL3VwbG9hZHNcLzIwMjVcLzA1XC9nYWxlcmlhMi0xLmpwZyIsInNsaWRlc2hvdyI6Ijc0YjQ5YWQifQ%3D%3D\" href='https:\/\/collegisdiocesans.com\/cd\/wp-content\/uploads\/2025\/05\/galeria2-1.jpg'><img decoding=\"async\" width=\"640\" height=\"360\" src=\"https:\/\/collegisdiocesans.com\/cd\/wp-content\/uploads\/2025\/05\/galeria2-1-1024x576.jpg\" class=\"attachment-large size-large\" alt=\"\" srcset=\"https:\/\/collegisdiocesans.com\/cd\/wp-content\/uploads\/2025\/05\/galeria2-1-1024x576.jpg 1024w, https:\/\/collegisdiocesans.com\/cd\/wp-content\/uploads\/2025\/05\/galeria2-1-300x169.jpg 300w, https:\/\/collegisdiocesans.com\/cd\/wp-content\/uploads\/2025\/05\/galeria2-1-768x432.jpg 768w, https:\/\/collegisdiocesans.com\/cd\/wp-content\/uploads\/2025\/05\/galeria2-1.jpg 1300w\" sizes=\"(max-width: 640px) 100vw, 640px\" \/><\/a>\n\t\t\t<\/div><\/figure>\n\t\t<\/div>\n\t\t<\/div>\n\t\t\t\t\t\t<\/div>\n\t\t\t\t<\/div>\n\t\t\t\t\t<\/div>\n\t\t\t\t<\/div>\n\t\t\t\t<\/div>\n\t\t","protected":false},"excerpt":{"rendered":"<p>Segons consta als Estatuts de la Fundaci\u00f3, els seus principals objectius i\/o finalitats s\u00f3n: La promoci\u00f3 de l&#8217;educaci\u00f3 cristiana com a servei social sense \u00e0nim de lucre i amb prefer\u00e8ncia&#8230;<\/p>\n","protected":false},"author":2,"featured_media":0,"parent":0,"menu_order":0,"comment_status":"closed","ping_status":"closed","template":"","meta":{"footnotes":""},"class_list":["post-6801","page","type-page","status-publish","hentry"],"_links":{"self":[{"href":"https:\/\/collegisdiocesans.com\/cd\/wp-json\/wp\/v2\/pages\/6801","targetHints":{"allow":["GET"]}}],"collection":[{"href":"https:\/\/collegisdiocesans.com\/cd\/wp-json\/wp\/v2\/pages"}],"about":[{"href":"https:\/\/collegisdiocesans.com\/cd\/wp-json\/wp\/v2\/types\/page"}],"author":[{"embeddable":true,"href":"https:\/\/collegisdiocesans.com\/cd\/wp-json\/wp\/v2\/users\/2"}],"replies":[{"embeddable":true,"href":"https:\/\/collegisdiocesans.com\/cd\/wp-json\/wp\/v2\/comments?post=6801"}],"version-history":[{"count":16,"href":"https:\/\/collegisdiocesans.com\/cd\/wp-json\/wp\/v2\/pages\/6801\/revisions"}],"predecessor-version":[{"id":10070,"href":"https:\/\/collegisdiocesans.com\/cd\/wp-json\/wp\/v2\/pages\/6801\/revisions\/10070"}],"wp:attachment":[{"href":"https:\/\/collegisdiocesans.com\/cd\/wp-json\/wp\/v2\/media?parent=6801"}],"curies":[{"name":"wp","href":"https:\/\/api.w.org\/{rel}","templated":true}]}}