{"id":7039,"date":"2025-05-20T13:31:32","date_gmt":"2025-05-20T11:31:32","guid":{"rendered":"https:\/\/fundacioramonllull.eu\/collegisdiocesans\/?page_id=7039"},"modified":"2025-10-02T08:12:33","modified_gmt":"2025-10-02T06:12:33","slug":"politica-de-cookies_es","status":"publish","type":"page","link":"https:\/\/collegisdiocesans.com\/cd\/es\/politica-de-cookies_es\/","title":{"rendered":"Pol\u00edtica de cookies"},"content":{"rendered":"\n<p>\u00bfQu\u00e9 es una cookie? Las \u201ccookies\u201d son identificadores alfanum\u00e9ricos que se env\u00edan e instalan en el equipo del usuario, a trav\u00e9s de su navegador web, con el fin de recopilar determinada informaci\u00f3n an\u00f3nima con distintas finalidades.<\/p>\n\n\n\n<p>Existen cookies que son controladas y gestionadas por el propio titular de la web, que se llaman \u201ccookies propias\u201d y otras que son controladas y gestionadas por terceros, a las que se llaman \u201ccookies de terceros\u201d.<\/p>\n\n\n\n<p>A su vez, las cookies se pueden borrar o cancelar autom\u00e1ticamente cuando usted finaliza la navegaci\u00f3n por la web, a las que se llama \u201ccookies de sesi\u00f3n\u201d o bien permanecer un determinado tiempo instaladas en su ordenador, siendo esta \u00faltimas conocidas como \u201ccookies persistentes\u201d.<\/p>\n\n\n\n<p>Las cookies tambi\u00e9n se pueden clasificar en funci\u00f3n de que sea necesario o no recabar el consentimiento del usuario para su instalaci\u00f3n e informar de las mismas, a las que llamaremos \u201ccookies exentas\u201d y\u201d cookies no exentas\u201d. Las primeras son aquellas que resultan estrictamente necesarias para prestar un servicio expresamente solicitado por el usuario o bien para permitir la comunicaci\u00f3n del equipo del usuario y la red. Si la finalidad de la cookie es diferente a esas, entonces ser\u00e1 una cookie no exenta.<\/p>\n\n\n\n<p>Las cookies no exentas que utilizamos son cookies de an\u00e1lisis estad\u00edstico, que permiten realizar el seguimiento y an\u00e1lisis del comportamiento de los usuarios en nuestra web. La informaci\u00f3n recogida mediante este tipo de &#8216;cookies&#8217; se utiliza en la medici\u00f3n de la actividad de los sitios web, aplicaci\u00f3n o plataforma y para la elaboraci\u00f3n de perfiles de navegaci\u00f3n de los usuarios de dichos sitios, con el fin de introducir mejoras en el servicio en funci\u00f3n de los datos de uso que hacen los usuarios.<\/p>\n\n\n\n<p>En concreto son las siguientes:<\/p>\n\n\n\n<figure class=\"wp-block-table\"><table class=\"has-fixed-layout\"><tbody><tr><td><strong>Proveedor<\/strong><\/td><td><strong>Nombre cookie<\/strong><\/td><td><strong>Finalidad<\/strong><\/td><td><strong>Tipo almacenamiento<\/strong><\/td><\/tr><tr><td>Google Analytics<\/td><td>_ga<\/td><td>Se usa para distinguir usuarios<\/td><td>2 a\u00f1os<\/td><\/tr><tr><td>Google Analytics<\/td><td>_gid<\/td><td>Se usa para distinguir usuarios<\/td><td>24 horas<\/td><\/tr><tr><td>Google Analytics<\/td><td>_gat<\/td><td>Utilizado por Google Analytics para controlar la tasa de peticiones<\/td><td>24 horas<\/td><\/tr><tr><td>Google Analytics<\/td><td>AMP_TOKEN<\/td><td>Incluye un token que se puede utilizar para recuperar un ID de cliente del servicio de IDs de cliente de AMP. Otros posibles valores indican inhabilitaciones, solicitudes en curso o errores obtenidos al recuperar un IDs del servicio de IDs de cliente de AMP.<\/td><td><br>De 30 segundos a un a\u00f1o<\/td><\/tr><\/tbody><\/table><\/figure>\n\n\n\n<p>Esta p\u00e1gina est\u00e1 configurada para que usted pueda aceptar o rechazar su instalaci\u00f3n, pulsando los botones al efecto dispuestos en la banda informativa que le aparece al entrar en la p\u00e1gina. Si usted ha aceptado la instalaci\u00f3n de las cookies de an\u00e1lisis de Google Analytics debe proceder a su borrado\/eliminaci\u00f3n desde su navegador, que puede configurar para rechazar o aceptar cookies (todas o individualmente), borrarlas manualmente o bien para su borrado autom\u00e1tico cuando cierre su navegador, equipo o dispositivo. Puede acceder a c\u00f3mo configurar las cookies en los principales navegadores desde los siguientes enlaces:<\/p>\n\n\n\n<ul class=\"wp-block-list\">\n<li><strong><a href=\"https:\/\/support.microsoft.com\/es-es\/help\/17442\/windows-internet-explorer-delete-manage-cookies#ie=\">Internet Explorer<\/a><\/strong><\/li>\n\n\n\n<li><strong><a href=\"https:\/\/support.microsoft.com\/es-es\/help\/10607\/microsoft-edge-view-delete-browser-history\">Microsoft Edge<\/a><\/strong><\/li>\n\n\n\n<li><strong><a href=\"https:\/\/support.mozilla.org\/es\/kb\/Borrar%20cookies\">Firefox<\/a><\/strong><\/li>\n\n\n\n<li><strong><a href=\"https:\/\/support.google.com\/chrome\/answer\/95647?co=GENIE.Platform%3DAndroid&amp;hl=es-419\">Chrome<\/a><\/strong><\/li>\n\n\n\n<li><strong><a href=\"http:\/\/www.apple.com\/es\/privacy\/use-of-cookies\/\">Safari<\/a><\/strong><\/li>\n\n\n\n<li><strong><a href=\"https:\/\/help.opera.com\/en\/latest\/web-preferences\/#cookies\">Opera<\/a><\/strong><\/li>\n\n\n\n<li><strong>Android<\/strong><\/li>\n<\/ul>\n\n\n\n<p>->Ajustes del navegador utilizado->Privacidad del navegador utilizado<\/p>\n\n\n\n<p>Igualmente, podr\u00e1 obtener informaci\u00f3n sobre c\u00f3mo bloquear las cookies anal\u00edticas de Google Analytics mediante la instalaci\u00f3n del Complemento de inhabilitaci\u00f3n para navegadores de Google Analytics en el siguiente enlace:<\/p>\n\n\n\n<p><a href=\"https:\/\/support.google.com\/analytics\/answer\/181881?hl=es\">https:\/\/support.google.com\/analytics\/answer\/181881?hl=es<\/a><\/p>\n\n\n\n<p>Adicionalmente, la FCDM tiene presencia en portales y servicios de terceros para los que, si desea conocer las condiciones de privacidad y uso de cookies, deber\u00e1n consultarse las pol\u00edticas proporcionadas por los mismos:<\/p>\n\n\n\n<ul class=\"wp-block-list\">\n<li><strong><a href=\"https:\/\/es-es.facebook.com\/help\/cookies\">Facebook<\/a><\/strong><\/li>\n\n\n\n<li><strong><a href=\"https:\/\/twitter.com\/privacy\">X<\/a><\/strong><\/li>\n\n\n\n<li><strong><a href=\"https:\/\/www.facebook.com\/policies\/cookies\/\">Instagram<\/a><\/strong><\/li>\n<\/ul>\n\n\n\n<p><\/p>\n","protected":false},"excerpt":{"rendered":"<p>\u00bfQu\u00e9 es una cookie? Las \u201ccookies\u201d son identificadores alfanum\u00e9ricos que se env\u00edan e instalan en el equipo del usuario, a trav\u00e9s de su navegador web, con el fin de recopilar&#8230;<\/p>\n","protected":false},"author":2,"featured_media":0,"parent":0,"menu_order":0,"comment_status":"closed","ping_status":"closed","template":"","meta":{"footnotes":""},"class_list":["post-7039","page","type-page","status-publish","hentry"],"_links":{"self":[{"href":"https:\/\/collegisdiocesans.com\/cd\/wp-json\/wp\/v2\/pages\/7039","targetHints":{"allow":["GET"]}}],"collection":[{"href":"https:\/\/collegisdiocesans.com\/cd\/wp-json\/wp\/v2\/pages"}],"about":[{"href":"https:\/\/collegisdiocesans.com\/cd\/wp-json\/wp\/v2\/types\/page"}],"author":[{"embeddable":true,"href":"https:\/\/collegisdiocesans.com\/cd\/wp-json\/wp\/v2\/users\/2"}],"replies":[{"embeddable":true,"href":"https:\/\/collegisdiocesans.com\/cd\/wp-json\/wp\/v2\/comments?post=7039"}],"version-history":[{"count":1,"href":"https:\/\/collegisdiocesans.com\/cd\/wp-json\/wp\/v2\/pages\/7039\/revisions"}],"predecessor-version":[{"id":7040,"href":"https:\/\/collegisdiocesans.com\/cd\/wp-json\/wp\/v2\/pages\/7039\/revisions\/7040"}],"wp:attachment":[{"href":"https:\/\/collegisdiocesans.com\/cd\/wp-json\/wp\/v2\/media?parent=7039"}],"curies":[{"name":"wp","href":"https:\/\/api.w.org\/{rel}","templated":true}]}}