{"id":8899,"date":"2025-09-11T08:51:58","date_gmt":"2025-09-11T06:51:58","guid":{"rendered":"https:\/\/collegisdiocesans.com\/cd\/?page_id=8899"},"modified":"2025-10-09T18:09:42","modified_gmt":"2025-10-09T16:09:42","slug":"objetivos_es","status":"publish","type":"page","link":"https:\/\/collegisdiocesans.com\/cd\/es\/objetivos_es\/","title":{"rendered":"Objetivos"},"content":{"rendered":"\t\t<div data-elementor-type=\"wp-page\" data-elementor-id=\"8899\" class=\"elementor elementor-8899\">\n\t\t\t\t<div class=\"elementor-element elementor-element-4a06cdaa e-flex e-con-boxed e-con e-parent\" data-id=\"4a06cdaa\" data-element_type=\"container\" data-e-type=\"container\">\n\t\t\t\t\t<div class=\"e-con-inner\">\n\t\t\t\t<div class=\"elementor-element elementor-element-433c02da elementor-widget elementor-widget-text-editor\" data-id=\"433c02da\" data-element_type=\"widget\" data-e-type=\"widget\" data-widget_type=\"text-editor.default\">\n\t\t\t\t<div class=\"elementor-widget-container\">\n\t\t\t\t\t\t\t\t\t<p>Seg\u00fan consta en los Estatutos de la Fundaci\u00f3n, sus principales objetivos y\/o finalidades son:<\/p>\n<ol>\n<li>La promoci\u00f3n de la educaci\u00f3n cristiana como servicio social sin \u00e1nimo de lucro y con preferencia por los m\u00e1s necesidades.<\/li>\n<li>La defensa de la libertad de ense\u00f1amiento.<\/li>\n<li>Fortalecer el sentido de pertenencia alrededor de un car\u00e1cter propio compartido por todos aquellos que forman parte de la comunidad educativa de los Colegios Diocesanos de Mallorca y que este sentido de pertenencia se refleje en los diferentes \u00e1mbitos de gesti\u00f3n, pedag\u00f3gicos, pastorales, de relaciones internas y de relaciones con los alumnos y las familias de la red de los Colegios.<\/li>\n<li>Cooperar y velar para aumentar la oferta educativa de calidad, de conformidad con el ideario de la Fundaci\u00f3n, incentivando la investigaci\u00f3n, la innovaci\u00f3n y la inserci\u00f3n social de colectivos con dificultades.<\/li>\n<li>Establecer marcos de colaboraci\u00f3n entre los colegios de la Fundaci\u00f3n y la pastoral de la Iglesia Diocesana.<\/li>\n<li>El fomento de una estrecha cooperaci\u00f3n y colaboraci\u00f3n de todos aquellos que forman parte de la comunidad educativa en el campo escolar y educacional, a trav\u00e9s de la organizaci\u00f3n y la participaci\u00f3n de sus miembros en congresos, cursos u otras acciones formativas.<\/li>\n<li>Establecer convenios o conciertos educativos con la competente administraci\u00f3n educativa.<\/li>\n<li>Determinar los contenidos educativos y planos de estudios, de acuerdo con el objeto y las finalidades de la Fundaci\u00f3n, dentro de los l\u00edmites que permita la legislaci\u00f3n vigente.<\/li>\n<li>Coordinar todos sus centros para que atiendan eficazmente las necesidades descolaritzaci\u00f3, respetando, en todo caso, los particulares acuerdos o convenios existentes con organizaciones educativas y con la competente administraci\u00f3n educativa.<\/li>\n<li>Fomentar y estimular el perfeccionamiento permanente del profesorado, tanto espiritual o religioso como cient\u00edfico, promoviendo la formaci\u00f3n de sus responsables, equipos directivos y personal.<\/li>\n<\/ol>\n<p><!-- \/wp:paragraph --><\/p>\n<!--a=1-->\t\t\t\t\t\t\t\t<\/div>\n\t\t\t\t<\/div>\n\t\t\t\t\t<\/div>\n\t\t\t\t<\/div>\n\t\t<div class=\"elementor-element elementor-element-688ff9a e-flex e-con-boxed e-con e-parent\" data-id=\"688ff9a\" data-element_type=\"container\" data-e-type=\"container\">\n\t\t\t\t\t<div class=\"e-con-inner\">\n\t\t\t\t<div class=\"elementor-element elementor-element-74b49ad elementor-widget elementor-widget-image-gallery\" data-id=\"74b49ad\" data-element_type=\"widget\" data-e-type=\"widget\" data-widget_type=\"image-gallery.default\">\n\t\t\t\t<div class=\"elementor-widget-container\">\n\t\t\t\t\t\t\t<div class=\"elementor-image-gallery\">\n\t\t\t<div id='gallery-1' class='gallery galleryid-8899 gallery-columns-2 gallery-size-large'><figure class='gallery-item'>\n\t\t\t<div class='gallery-icon landscape'>\n\t\t\t\t<a data-elementor-open-lightbox=\"yes\" data-elementor-lightbox-slideshow=\"74b49ad\" data-elementor-lightbox-title=\"galeria2.2\" data-e-action-hash=\"#elementor-action%3Aaction%3Dlightbox%26settings%3DeyJpZCI6NzA1OSwidXJsIjoiaHR0cHM6XC9cL2NvbGxlZ2lzZGlvY2VzYW5zLmNvbVwvY2RcL3dwLWNvbnRlbnRcL3VwbG9hZHNcLzIwMjVcLzA1XC9nYWxlcmlhMi4yLTEuanBnIiwic2xpZGVzaG93IjoiNzRiNDlhZCJ9\" href='https:\/\/collegisdiocesans.com\/cd\/wp-content\/uploads\/2025\/05\/galeria2.2-1.jpg'><img fetchpriority=\"high\" decoding=\"async\" width=\"640\" height=\"640\" src=\"https:\/\/collegisdiocesans.com\/cd\/wp-content\/uploads\/2025\/05\/galeria2.2-1-1024x1024.jpg\" class=\"attachment-large size-large\" alt=\"\" srcset=\"https:\/\/collegisdiocesans.com\/cd\/wp-content\/uploads\/2025\/05\/galeria2.2-1-1024x1024.jpg 1024w, https:\/\/collegisdiocesans.com\/cd\/wp-content\/uploads\/2025\/05\/galeria2.2-1-300x300.jpg 300w, https:\/\/collegisdiocesans.com\/cd\/wp-content\/uploads\/2025\/05\/galeria2.2-1-150x150.jpg 150w, https:\/\/collegisdiocesans.com\/cd\/wp-content\/uploads\/2025\/05\/galeria2.2-1-768x768.jpg 768w, https:\/\/collegisdiocesans.com\/cd\/wp-content\/uploads\/2025\/05\/galeria2.2-1.jpg 1300w\" sizes=\"(max-width: 640px) 100vw, 640px\" \/><\/a>\n\t\t\t<\/div><\/figure><figure class='gallery-item'>\n\t\t\t<div class='gallery-icon landscape'>\n\t\t\t\t<a data-elementor-open-lightbox=\"yes\" data-elementor-lightbox-slideshow=\"74b49ad\" data-elementor-lightbox-title=\"galeria2\" data-e-action-hash=\"#elementor-action%3Aaction%3Dlightbox%26settings%3DeyJpZCI6NzA2MCwidXJsIjoiaHR0cHM6XC9cL2NvbGxlZ2lzZGlvY2VzYW5zLmNvbVwvY2RcL3dwLWNvbnRlbnRcL3VwbG9hZHNcLzIwMjVcLzA1XC9nYWxlcmlhMi0xLmpwZyIsInNsaWRlc2hvdyI6Ijc0YjQ5YWQifQ%3D%3D\" href='https:\/\/collegisdiocesans.com\/cd\/wp-content\/uploads\/2025\/05\/galeria2-1.jpg'><img decoding=\"async\" width=\"640\" height=\"360\" src=\"https:\/\/collegisdiocesans.com\/cd\/wp-content\/uploads\/2025\/05\/galeria2-1-1024x576.jpg\" class=\"attachment-large size-large\" alt=\"\" srcset=\"https:\/\/collegisdiocesans.com\/cd\/wp-content\/uploads\/2025\/05\/galeria2-1-1024x576.jpg 1024w, https:\/\/collegisdiocesans.com\/cd\/wp-content\/uploads\/2025\/05\/galeria2-1-300x169.jpg 300w, https:\/\/collegisdiocesans.com\/cd\/wp-content\/uploads\/2025\/05\/galeria2-1-768x432.jpg 768w, https:\/\/collegisdiocesans.com\/cd\/wp-content\/uploads\/2025\/05\/galeria2-1.jpg 1300w\" sizes=\"(max-width: 640px) 100vw, 640px\" \/><\/a>\n\t\t\t<\/div><\/figure>\n\t\t<\/div>\n\t\t<\/div>\n\t\t\t\t\t\t<\/div>\n\t\t\t\t<\/div>\n\t\t\t\t\t<\/div>\n\t\t\t\t<\/div>\n\t\t\t\t<\/div>\n\t\t","protected":false},"excerpt":{"rendered":"<p>Seg\u00fan consta en los Estatutos de la Fundaci\u00f3n, sus principales objetivos y\/o finalidades son: La promoci\u00f3n de la educaci\u00f3n cristiana como servicio social sin \u00e1nimo de lucro y con preferencia&#8230;<\/p>\n","protected":false},"author":2,"featured_media":0,"parent":0,"menu_order":0,"comment_status":"closed","ping_status":"closed","template":"","meta":{"footnotes":""},"class_list":["post-8899","page","type-page","status-publish","hentry"],"_links":{"self":[{"href":"https:\/\/collegisdiocesans.com\/cd\/wp-json\/wp\/v2\/pages\/8899","targetHints":{"allow":["GET"]}}],"collection":[{"href":"https:\/\/collegisdiocesans.com\/cd\/wp-json\/wp\/v2\/pages"}],"about":[{"href":"https:\/\/collegisdiocesans.com\/cd\/wp-json\/wp\/v2\/types\/page"}],"author":[{"embeddable":true,"href":"https:\/\/collegisdiocesans.com\/cd\/wp-json\/wp\/v2\/users\/2"}],"replies":[{"embeddable":true,"href":"https:\/\/collegisdiocesans.com\/cd\/wp-json\/wp\/v2\/comments?post=8899"}],"version-history":[{"count":9,"href":"https:\/\/collegisdiocesans.com\/cd\/wp-json\/wp\/v2\/pages\/8899\/revisions"}],"predecessor-version":[{"id":10121,"href":"https:\/\/collegisdiocesans.com\/cd\/wp-json\/wp\/v2\/pages\/8899\/revisions\/10121"}],"wp:attachment":[{"href":"https:\/\/collegisdiocesans.com\/cd\/wp-json\/wp\/v2\/media?parent=8899"}],"curies":[{"name":"wp","href":"https:\/\/api.w.org\/{rel}","templated":true}]}}