{"id":9490,"date":"2025-09-22T21:40:48","date_gmt":"2025-09-22T19:40:48","guid":{"rendered":"https:\/\/collegisdiocesans.com\/cd\/?page_id=9490"},"modified":"2026-03-20T13:00:25","modified_gmt":"2026-03-20T12:00:25","slug":"formacio-families_cat","status":"publish","type":"page","link":"https:\/\/collegisdiocesans.com\/cd\/formacio-families_cat\/","title":{"rendered":"Formaci\u00f3 Fam\u00edlies"},"content":{"rendered":"\n<h1 class=\"wp-block-heading\">Fam\u00edlia &#8211; Escola: un vincle essencial en l&#8217;educaci\u00f3 dels nostres fills.<\/h1>\n\n\n\n<p><br>Per sort o per desgr\u00e0cia, els fills no v\u00e9nen amb manual d&#8217;instruccions i, a vegades, \u00e9s dif\u00edcil saber com encarar algunes parts de la crian\u00e7a.<\/p>\n\n\n\n<p>Per aquest motiu, els Col\u00b7legis Diocesans de Mallorca hem iniciat una escola per a fam\u00edlies; un cicle de confer\u00e8ncies amb experts que ens parlaran i orientaran sobre els temes que m\u00e9s ens preocupen. Cada confer\u00e8ncia \u00e9s independent una de l&#8217;altra i podeu escollir quines us interessen m\u00e9s segons edats o necessitats de la pr\u00f2pia fam\u00edlia.<\/p>\n\n\n\n<p>El que \u00e9s cert \u00e9s que escola i fam\u00edlia s\u00f3n eixos fonamentals en l&#8217;educaci\u00f3 dels infants, i aquesta iniciativa pret\u00e9n tamb\u00e9 refor\u00e7ar el vincle fam\u00edlia-escola aix\u00ed com donar resposta a les vostres inquietuds.<\/p>\n\n\n\n<p>Totes les confer\u00e8ncies s\u00f3n en format on-line de 18 a 19h. INSCRIPCIONS GRATU\u00cfTES A TRAV\u00c9S DELS ENLLA\u00c7OS.<\/p>\n\n\n\n<h2 class=\"wp-block-heading\">Cursos Actuals<\/h2>\n\n\n\n<div class=\"wp-block-ultimate-post-post-grid-parent ultp-post-grid-parent\" data-postid=\"9490\" data-grids=\"[{&quot;blockId&quot;:&quot;388df5&quot;,&quot;name&quot;:&quot;ultimate-post_post-grid-2&quot;}]\" data-pagi=\"[]\"><div  class=\"ultp-post-grid-block wp-block-ultimate-post-post-grid-2 ultp-block-388df5\"><div class=\"ultp-block-wrapper\"><div class=\"ultp-loading\"><div class=\"ultp-loading-blocks\" style=\"width:100%;height:100%;\"><div style=\"left: 0;top: 0;animation-delay:0s;\"><\/div><div style=\"left: 21px;top: 0;animation-delay:0.125s;\"><\/div><div style=\"left: 42px;top: 0;animation-delay:0.25s;\"><\/div><div style=\"left: 0;top: 21px;animation-delay:0.875s;\"><\/div><div style=\"left: 42px;top: 21px;animation-delay:0.375s;\"><\/div><div style=\"left: 0;top: 42px;animation-delay:0.75s;\"><\/div><div style=\"left: 42px;top: 42px;animation-delay:0.625s;\"><\/div><div style=\"left: 21px;top: 42px;animation-delay:0.5s;\"><\/div><\/div><\/div><div class=\"ultp-block-items-wrap ultp-block-row\"><div class=\"ultp-block-item post-id-11156\"><div class=\"ultp-block-content-wrap ultp-block-content-overlay\"><div class=\"ultp-block-image ultp-block-image-zoomOut ultp-block-image-overlay ultp-block-image-flat\"><a href=\"https:\/\/collegisdiocesans.com\/cd\/formacion-familia\/adolescencia-addicions-i-decisions-com-podem-acompanyar-des-de-casa\/\" ><img decoding=\"async\"  alt=\"2026\/04\/13 &#8211; 18h Online. Adolesc\u00e8ncia, addicions i decisions: com podem acompanyar des de casa\"  src=\"https:\/\/collegisdiocesans.com\/cd\/wp-content\/uploads\/2025\/05\/emmanuelle-gelabert-mayol.jpg\" \/><\/a><\/div><div class=\"ultp-block-content ultp-block-content-bottomPosition\"><div class=\"ultp-block-content-inner\"><div class=\"ultp-category-grid ultp-category-classic ultp-category-aboveTitle\"><div class=\"ultp-category-in\"><a class=\"ultp-cat-3r-trimestre-cat\" href=\"https:\/\/collegisdiocesans.com\/cd\/category\/3r-trimestre-cat\/\"  >3r Trimestre (CAT)<\/a><\/div><\/div><h3 class=\"ultp-block-title \"><a href=\"https:\/\/collegisdiocesans.com\/cd\/formacion-familia\/adolescencia-addicions-i-decisions-com-podem-acompanyar-des-de-casa\/\" >2026\/04\/13 &#8211; 18h Online. Adolesc\u00e8ncia, addicions i decisions: com podem acompanyar des de casa<\/a><\/h3><div class=\"ultp-block-readmore\"><a aria-label=\"2026\/04\/13 &#8211; 18h Online. Adolesc\u00e8ncia, addicions i decisions: com podem acompanyar des de casa\" href=\"https:\/\/collegisdiocesans.com\/cd\/formacion-familia\/adolescencia-addicions-i-decisions-com-podem-acompanyar-des-de-casa\/\" >Inscriure&#8217;s<svg enable-background=\"new 0 0 477.175 477.175\" version=\"1.1\" viewBox=\"0 0 477.18 477.18\"><path d=\"m360.73 229.08-225.1-225.1c-5.3-5.3-13.8-5.3-19.1 0s-5.3 13.8 0 19.1l215.5 215.5-215.5 215.5c-5.3 5.3-5.3 13.8 0 19.1 2.6 2.6 6.1 4 9.5 4s6.9-1.3 9.5-4l225.1-225.1c5.3-5.2 5.3-13.8 0.1-19z\"><\/path><\/svg><\/a><\/div><\/div><\/div><\/div><\/div><div class=\"ultp-block-item post-id-10886\"><div class=\"ultp-block-content-wrap ultp-block-content-overlay\"><div class=\"ultp-block-image ultp-block-image-zoomOut ultp-block-image-overlay ultp-block-image-flat\"><a href=\"https:\/\/collegisdiocesans.com\/cd\/formacion-familia\/assetjament-escolar-comprendre-detectar-i-actuar-a-temps\/\" ><img decoding=\"async\"  alt=\"Enrique P\u00e9rez-Carrillo\"  src=\"https:\/\/collegisdiocesans.com\/cd\/wp-content\/uploads\/2026\/03\/IMG_5117-1-472x570.jpg\" \/><\/a><\/div><div class=\"ultp-block-content ultp-block-content-bottomPosition\"><div class=\"ultp-block-content-inner\"><div class=\"ultp-category-grid ultp-category-classic ultp-category-aboveTitle\"><div class=\"ultp-category-in\"><a class=\"ultp-cat-2n-trimestre-cat\" href=\"https:\/\/collegisdiocesans.com\/cd\/category\/2n-trimestre-cat\/\"  >2n Trimestre (CAT)<\/a><\/div><\/div><h3 class=\"ultp-block-title \"><a href=\"https:\/\/collegisdiocesans.com\/cd\/formacion-familia\/assetjament-escolar-comprendre-detectar-i-actuar-a-temps\/\" >2026\/04\/03 &#8211; 18h Online. Assetjament escolar: comprendre, detectar i actuar a temps<\/a><\/h3><div class=\"ultp-block-readmore\"><a aria-label=\"2026\/04\/03 &#8211; 18h Online. Assetjament escolar: comprendre, detectar i actuar a temps\" href=\"https:\/\/collegisdiocesans.com\/cd\/formacion-familia\/assetjament-escolar-comprendre-detectar-i-actuar-a-temps\/\" >Inscriure&#8217;s<svg enable-background=\"new 0 0 477.175 477.175\" version=\"1.1\" viewBox=\"0 0 477.18 477.18\"><path d=\"m360.73 229.08-225.1-225.1c-5.3-5.3-13.8-5.3-19.1 0s-5.3 13.8 0 19.1l215.5 215.5-215.5 215.5c-5.3 5.3-5.3 13.8 0 19.1 2.6 2.6 6.1 4 9.5 4s6.9-1.3 9.5-4l225.1-225.1c5.3-5.2 5.3-13.8 0.1-19z\"><\/path><\/svg><\/a><\/div><\/div><\/div><\/div><\/div><div class=\"ultp-block-item post-id-9965\"><div class=\"ultp-block-content-wrap ultp-block-content-overlay\"><div class=\"ultp-block-image ultp-block-image-zoomOut ultp-block-image-overlay ultp-block-image-flat\"><a href=\"https:\/\/collegisdiocesans.com\/cd\/formacion-familia\/educarambrespecte\/\" ><img decoding=\"async\"  alt=\"2025\/12\/03 &#8211; 18h Online. Educar amb respecte: eines pr\u00e0ctiques per resoldre conflictes i rutines\"  src=\"https:\/\/collegisdiocesans.com\/cd\/wp-content\/uploads\/2025\/09\/mariasoto-870x570.png\" \/><\/a><\/div><div class=\"ultp-block-content ultp-block-content-bottomPosition\"><div class=\"ultp-block-content-inner\"><div class=\"ultp-category-grid ultp-category-classic ultp-category-aboveTitle\"><div class=\"ultp-category-in\"><a class=\"ultp-cat-1r-trimestre-cat\" href=\"https:\/\/collegisdiocesans.com\/cd\/category\/1r-trimestre-cat\/\"  >1r Trimestre (CAT)<\/a><\/div><\/div><h3 class=\"ultp-block-title \"><a href=\"https:\/\/collegisdiocesans.com\/cd\/formacion-familia\/educarambrespecte\/\" >2025\/12\/03 &#8211; 18h Online. Educar amb respecte: eines pr\u00e0ctiques per resoldre conflictes i rutines<\/a><\/h3><div class=\"ultp-block-readmore\"><a aria-label=\"2025\/12\/03 &#8211; 18h Online. Educar amb respecte: eines pr\u00e0ctiques per resoldre conflictes i rutines\" href=\"https:\/\/collegisdiocesans.com\/cd\/formacion-familia\/educarambrespecte\/\" >Inscriure&#8217;s<svg enable-background=\"new 0 0 477.175 477.175\" version=\"1.1\" viewBox=\"0 0 477.18 477.18\"><path d=\"m360.73 229.08-225.1-225.1c-5.3-5.3-13.8-5.3-19.1 0s-5.3 13.8 0 19.1l215.5 215.5-215.5 215.5c-5.3 5.3-5.3 13.8 0 19.1 2.6 2.6 6.1 4 9.5 4s6.9-1.3 9.5-4l225.1-225.1c5.3-5.2 5.3-13.8 0.1-19z\"><\/path><\/svg><\/a><\/div><\/div><\/div><\/div><\/div><div class=\"ultp-block-item post-id-9959\"><div class=\"ultp-block-content-wrap ultp-block-content-overlay\"><div class=\"ultp-block-image ultp-block-image-zoomOut ultp-block-image-overlay ultp-block-image-flat\"><a href=\"https:\/\/collegisdiocesans.com\/cd\/formacion-familia\/claus-per-entendre-que-hi-ha-darrere-de-cada-conducta\/\" ><img decoding=\"async\"  alt=\"2025\/11\/05 &#8211; 18h Online. Claus per entendre qu\u00e8 hi ha darrere de cada conducta\"  src=\"https:\/\/collegisdiocesans.com\/cd\/wp-content\/uploads\/2025\/09\/mariasoto-870x570.png\" \/><\/a><\/div><div class=\"ultp-block-content ultp-block-content-bottomPosition\"><div class=\"ultp-block-content-inner\"><div class=\"ultp-category-grid ultp-category-classic ultp-category-aboveTitle\"><div class=\"ultp-category-in\"><a class=\"ultp-cat-1r-trimestre-cat\" href=\"https:\/\/collegisdiocesans.com\/cd\/category\/1r-trimestre-cat\/\"  >1r Trimestre (CAT)<\/a><\/div><\/div><h3 class=\"ultp-block-title \"><a href=\"https:\/\/collegisdiocesans.com\/cd\/formacion-familia\/claus-per-entendre-que-hi-ha-darrere-de-cada-conducta\/\" >2025\/11\/05 &#8211; 18h Online. Claus per entendre qu\u00e8 hi ha darrere de cada conducta<\/a><\/h3><div class=\"ultp-block-readmore\"><a aria-label=\"2025\/11\/05 &#8211; 18h Online. Claus per entendre qu\u00e8 hi ha darrere de cada conducta\" href=\"https:\/\/collegisdiocesans.com\/cd\/formacion-familia\/claus-per-entendre-que-hi-ha-darrere-de-cada-conducta\/\" >Inscriure&#8217;s<svg enable-background=\"new 0 0 477.175 477.175\" version=\"1.1\" viewBox=\"0 0 477.18 477.18\"><path d=\"m360.73 229.08-225.1-225.1c-5.3-5.3-13.8-5.3-19.1 0s-5.3 13.8 0 19.1l215.5 215.5-215.5 215.5c-5.3 5.3-5.3 13.8 0 19.1 2.6 2.6 6.1 4 9.5 4s6.9-1.3 9.5-4l225.1-225.1c5.3-5.2 5.3-13.8 0.1-19z\"><\/path><\/svg><\/a><\/div><\/div><\/div><\/div><\/div><div class=\"ultp-block-item post-id-9446\"><div class=\"ultp-block-content-wrap ultp-block-content-overlay\"><div class=\"ultp-block-image ultp-block-image-zoomOut ultp-block-image-overlay ultp-block-image-flat\"><a href=\"https:\/\/collegisdiocesans.com\/cd\/formacion-familia\/control-parental-i-privacitat-al-nostre-abast_cat\/\" ><img decoding=\"async\"  alt=\"2025\/10\/01 &#8211; 18h Online. Control parental i privacitat al nostre abast\"  src=\"https:\/\/collegisdiocesans.com\/cd\/wp-content\/uploads\/2025\/09\/albert-lopez.jpg\" \/><\/a><\/div><div class=\"ultp-block-content ultp-block-content-bottomPosition\"><div class=\"ultp-block-content-inner\"><div class=\"ultp-category-grid ultp-category-classic ultp-category-aboveTitle\"><div class=\"ultp-category-in\"><a class=\"ultp-cat-1r-trimestre-cat\" href=\"https:\/\/collegisdiocesans.com\/cd\/category\/1r-trimestre-cat\/\"  >1r Trimestre (CAT)<\/a><\/div><\/div><h3 class=\"ultp-block-title \"><a href=\"https:\/\/collegisdiocesans.com\/cd\/formacion-familia\/control-parental-i-privacitat-al-nostre-abast_cat\/\" >2025\/10\/01 &#8211; 18h Online. Control parental i privacitat al nostre abast<\/a><\/h3><div class=\"ultp-block-readmore\"><a aria-label=\"2025\/10\/01 &#8211; 18h Online. Control parental i privacitat al nostre abast\" href=\"https:\/\/collegisdiocesans.com\/cd\/formacion-familia\/control-parental-i-privacitat-al-nostre-abast_cat\/\" >Inscriure&#8217;s<svg enable-background=\"new 0 0 477.175 477.175\" version=\"1.1\" viewBox=\"0 0 477.18 477.18\"><path d=\"m360.73 229.08-225.1-225.1c-5.3-5.3-13.8-5.3-19.1 0s-5.3 13.8 0 19.1l215.5 215.5-215.5 215.5c-5.3 5.3-5.3 13.8 0 19.1 2.6 2.6 6.1 4 9.5 4s6.9-1.3 9.5-4l225.1-225.1c5.3-5.2 5.3-13.8 0.1-19z\"><\/path><\/svg><\/a><\/div><\/div><\/div><\/div><\/div><\/div><\/div><div class=\"pagination-block-html\" aria-hidden=\"true\" style=\"display: none;\"><\/div><\/div><\/div>\n\n\n\n<hr class=\"wp-block-separator has-alpha-channel-opacity\"\/>\n\n\n\n<div data-bid=\"73d704\" data-active=\"none\" data-autocollapse=\"true\" class=\"wp-block-ultimate-post-accordion ultp-block-73d704\"><div class=\"ultp-accordion-wrapper ultp-accordion__subtitle-bottom ultp-accordion__icon-left\">\n<div data-bid=\"e6b6c4\" class=\"wp-block-ultimate-post-accordion-item ultp-block-e6b6c4 ultpMenuCss\"><div class=\"ultp-accordion-item ultp-accordion__trigger-right\"><div class=\"ultp-accordion-item__navigation ultp-acr-navigation\"><div class=\"ultp-accordion-item__control\"><svg xmlns=\"http:\/\/www.w3.org\/2000\/svg\" viewBox=\"0 0 34.1 19.95\"><path d=\"M32.05 19.949a2.041 2.041 0 0 1-1.45-.6L17.05 5.8 3.498 19.349a2.05 2.05 0 0 1-2.9-2.9l16.45-16.45 16.448 16.45a2.05 2.05 0 0 1-1.448 3.5\"\/><\/svg><svg xmlns=\"http:\/\/www.w3.org\/2000\/svg\" viewBox=\"0 0 34.1 19.95\"><path d=\"M17.05 19.949.601 3.499a2.05 2.05 0 0 1 2.9-2.9l13.551 13.55L30.603.599a2.05 2.05 0 0 1 2.9 2.9Z\"\/><\/svg><\/div><div class=\"ultp-accordion-item__nav-content\"><div class=\"ultp-accordion-item__text-content\"><div class=\"ultp-accordion-item__title-wrapper\"><div class=\"ultp-accordion-title\">Cursos Anteriors<\/div><\/div><\/div><\/div><\/div><div class=\"ultp-accordion-item__content ultp-acr-content\"><div class=\"ultp-accordion-item__content-inside\"><div  class=\"ultp-post-grid-block wp-block-ultimate-post-post-grid-2 ultp-block-b6e155\"><div class=\"ultp-block-wrapper\"><div class=\"ultp-loading\"><div class=\"ultp-loading-blocks\" style=\"width:100%;height:100%;\"><div style=\"left: 0;top: 0;animation-delay:0s;\"><\/div><div style=\"left: 21px;top: 0;animation-delay:0.125s;\"><\/div><div style=\"left: 42px;top: 0;animation-delay:0.25s;\"><\/div><div style=\"left: 0;top: 21px;animation-delay:0.875s;\"><\/div><div style=\"left: 42px;top: 21px;animation-delay:0.375s;\"><\/div><div style=\"left: 0;top: 42px;animation-delay:0.75s;\"><\/div><div style=\"left: 42px;top: 42px;animation-delay:0.625s;\"><\/div><div style=\"left: 21px;top: 42px;animation-delay:0.5s;\"><\/div><\/div><\/div><div class=\"ultp-block-items-wrap ultp-block-row\"><div class=\"ultp-block-item post-id-9462\"><div class=\"ultp-block-content-wrap ultp-block-content-overlay\"><div class=\"ultp-block-image ultp-block-image-zoomOut ultp-block-image-overlay ultp-block-image-flat\"><a href=\"https:\/\/collegisdiocesans.com\/cd\/formacion-familia\/que-es-i-que-hem-de-saber-sobre-el-consum-de-pornografia-a-ladolescencia_cat\/\" ><img decoding=\"async\"  alt=\"Qu\u00e8 \u00e9s i qu\u00e8 hem de saber sobre el consum de pornografia a l&#8217;adolesc\u00e8ncia?\u200b\"  src=\"https:\/\/collegisdiocesans.com\/cd\/wp-content\/uploads\/2025\/09\/lluis_ballester.jpeg\" \/><\/a><\/div><div class=\"ultp-block-content ultp-block-content-bottomPosition\"><div class=\"ultp-block-content-inner\"><div class=\"ultp-category-grid ultp-category-classic ultp-category-aboveTitle\"><div class=\"ultp-category-in\"><a class=\"ultp-cat-cursos-anteriors-cat\" href=\"https:\/\/collegisdiocesans.com\/cd\/category\/cursos-anteriors-cat\/\"  >Cursos anteriors<\/a><\/div><\/div><h3 class=\"ultp-block-title \"><a href=\"https:\/\/collegisdiocesans.com\/cd\/formacion-familia\/que-es-i-que-hem-de-saber-sobre-el-consum-de-pornografia-a-ladolescencia_cat\/\" >Qu\u00e8 \u00e9s i qu\u00e8 hem de saber sobre el consum de pornografia a l&#8217;adolesc\u00e8ncia?\u200b<\/a><\/h3><div class=\"ultp-block-readmore\"><a aria-label=\"Qu\u00e8 \u00e9s i qu\u00e8 hem de saber sobre el consum de pornografia a l&#8217;adolesc\u00e8ncia?\u200b\" href=\"https:\/\/collegisdiocesans.com\/cd\/formacion-familia\/que-es-i-que-hem-de-saber-sobre-el-consum-de-pornografia-a-ladolescencia_cat\/\" >Inscriure&#8217;s<svg enable-background=\"new 0 0 477.175 477.175\" version=\"1.1\" viewBox=\"0 0 477.18 477.18\"><path d=\"m360.73 229.08-225.1-225.1c-5.3-5.3-13.8-5.3-19.1 0s-5.3 13.8 0 19.1l215.5 215.5-215.5 215.5c-5.3 5.3-5.3 13.8 0 19.1 2.6 2.6 6.1 4 9.5 4s6.9-1.3 9.5-4l225.1-225.1c5.3-5.2 5.3-13.8 0.1-19z\"><\/path><\/svg><\/a><\/div><\/div><\/div><\/div><\/div><div class=\"ultp-block-item post-id-9473\"><div class=\"ultp-block-content-wrap ultp-block-content-overlay\"><div class=\"ultp-block-image ultp-block-image-zoomOut ultp-block-image-overlay ultp-block-image-flat\"><a href=\"https:\/\/collegisdiocesans.com\/cd\/formacion-familia\/establir-limits-des-de-la-disciplina-positiva_cat\/\" ><img decoding=\"async\"  alt=\"Establir l\u00edmits des de la disciplina positiva\u200b\"  src=\"https:\/\/collegisdiocesans.com\/cd\/wp-content\/uploads\/2025\/09\/mariasoto-870x570.png\" \/><\/a><\/div><div class=\"ultp-block-content ultp-block-content-bottomPosition\"><div class=\"ultp-block-content-inner\"><div class=\"ultp-category-grid ultp-category-classic ultp-category-aboveTitle\"><div class=\"ultp-category-in\"><a class=\"ultp-cat-cursos-anteriors-cat\" href=\"https:\/\/collegisdiocesans.com\/cd\/category\/cursos-anteriors-cat\/\"  >Cursos anteriors<\/a><\/div><\/div><h3 class=\"ultp-block-title \"><a href=\"https:\/\/collegisdiocesans.com\/cd\/formacion-familia\/establir-limits-des-de-la-disciplina-positiva_cat\/\" >Establir l\u00edmits des de la disciplina positiva\u200b<\/a><\/h3><div class=\"ultp-block-readmore\"><a aria-label=\"Establir l\u00edmits des de la disciplina positiva\u200b\" href=\"https:\/\/collegisdiocesans.com\/cd\/formacion-familia\/establir-limits-des-de-la-disciplina-positiva_cat\/\" >Inscriure&#8217;s<svg enable-background=\"new 0 0 477.175 477.175\" version=\"1.1\" viewBox=\"0 0 477.18 477.18\"><path d=\"m360.73 229.08-225.1-225.1c-5.3-5.3-13.8-5.3-19.1 0s-5.3 13.8 0 19.1l215.5 215.5-215.5 215.5c-5.3 5.3-5.3 13.8 0 19.1 2.6 2.6 6.1 4 9.5 4s6.9-1.3 9.5-4l225.1-225.1c5.3-5.2 5.3-13.8 0.1-19z\"><\/path><\/svg><\/a><\/div><\/div><\/div><\/div><\/div><div class=\"ultp-block-item post-id-9468\"><div class=\"ultp-block-content-wrap ultp-block-content-overlay\"><div class=\"ultp-block-image ultp-block-image-zoomOut ultp-block-image-overlay ultp-block-image-flat\"><a href=\"https:\/\/collegisdiocesans.com\/cd\/formacion-familia\/el-repte-de-lalimentacio-i-els-bons-habits_cat\/\" ><img decoding=\"async\"  alt=\"El repte de l&#8217;alimentaci\u00f3 i els bons h\u00e0bits\u200b\"  src=\"https:\/\/collegisdiocesans.com\/cd\/wp-content\/uploads\/2025\/09\/beatriz-870x570.jpg\" \/><\/a><\/div><div class=\"ultp-block-content ultp-block-content-bottomPosition\"><div class=\"ultp-block-content-inner\"><div class=\"ultp-category-grid ultp-category-classic ultp-category-aboveTitle\"><div class=\"ultp-category-in\"><a class=\"ultp-cat-cursos-anteriors-cat\" href=\"https:\/\/collegisdiocesans.com\/cd\/category\/cursos-anteriors-cat\/\"  >Cursos anteriors<\/a><\/div><\/div><h3 class=\"ultp-block-title \"><a href=\"https:\/\/collegisdiocesans.com\/cd\/formacion-familia\/el-repte-de-lalimentacio-i-els-bons-habits_cat\/\" >El repte de l&#8217;alimentaci\u00f3 i els bons h\u00e0bits\u200b<\/a><\/h3><div class=\"ultp-block-readmore\"><a aria-label=\"El repte de l&#8217;alimentaci\u00f3 i els bons h\u00e0bits\u200b\" href=\"https:\/\/collegisdiocesans.com\/cd\/formacion-familia\/el-repte-de-lalimentacio-i-els-bons-habits_cat\/\" >Inscriure&#8217;s<svg enable-background=\"new 0 0 477.175 477.175\" version=\"1.1\" viewBox=\"0 0 477.18 477.18\"><path d=\"m360.73 229.08-225.1-225.1c-5.3-5.3-13.8-5.3-19.1 0s-5.3 13.8 0 19.1l215.5 215.5-215.5 215.5c-5.3 5.3-5.3 13.8 0 19.1 2.6 2.6 6.1 4 9.5 4s6.9-1.3 9.5-4l225.1-225.1c5.3-5.2 5.3-13.8 0.1-19z\"><\/path><\/svg><\/a><\/div><\/div><\/div><\/div><\/div><div class=\"ultp-block-item post-id-9481\"><div class=\"ultp-block-content-wrap ultp-block-content-overlay\"><div class=\"ultp-block-image ultp-block-image-zoomOut ultp-block-image-overlay ultp-block-image-flat\"><a href=\"https:\/\/collegisdiocesans.com\/cd\/formacion-familia\/benestardigital\/\" ><img decoding=\"async\"  alt=\"Benestar digital i l\u2019impacte en la salut mental de l\u2019\u00fas excessiu de les pantalles, prevenci\u00f3 i recursos\"  src=\"https:\/\/collegisdiocesans.com\/cd\/wp-content\/uploads\/2025\/09\/albert-lopez.jpg\" \/><\/a><\/div><div class=\"ultp-block-content ultp-block-content-bottomPosition\"><div class=\"ultp-block-content-inner\"><div class=\"ultp-category-grid ultp-category-classic ultp-category-aboveTitle\"><div class=\"ultp-category-in\"><a class=\"ultp-cat-cursos-anteriors-cat\" href=\"https:\/\/collegisdiocesans.com\/cd\/category\/cursos-anteriors-cat\/\"  >Cursos anteriors<\/a><\/div><\/div><h3 class=\"ultp-block-title \"><a href=\"https:\/\/collegisdiocesans.com\/cd\/formacion-familia\/benestardigital\/\" >Benestar digital i l\u2019impacte en la salut mental de l\u2019\u00fas excessiu de les pantalles, prevenci\u00f3 i recursos<\/a><\/h3><div class=\"ultp-block-readmore\"><a aria-label=\"Benestar digital i l\u2019impacte en la salut mental de l\u2019\u00fas excessiu de les pantalles, prevenci\u00f3 i recursos\" href=\"https:\/\/collegisdiocesans.com\/cd\/formacion-familia\/benestardigital\/\" >Inscriure&#8217;s<svg enable-background=\"new 0 0 477.175 477.175\" version=\"1.1\" viewBox=\"0 0 477.18 477.18\"><path d=\"m360.73 229.08-225.1-225.1c-5.3-5.3-13.8-5.3-19.1 0s-5.3 13.8 0 19.1l215.5 215.5-215.5 215.5c-5.3 5.3-5.3 13.8 0 19.1 2.6 2.6 6.1 4 9.5 4s6.9-1.3 9.5-4l225.1-225.1c5.3-5.2 5.3-13.8 0.1-19z\"><\/path><\/svg><\/a><\/div><\/div><\/div><\/div><\/div><div class=\"ultp-block-item post-id-9451\"><div class=\"ultp-block-content-wrap ultp-block-content-overlay\"><div class=\"ultp-block-image ultp-block-image-zoomOut ultp-block-image-overlay ultp-block-image-flat\"><a href=\"https:\/\/collegisdiocesans.com\/cd\/formacion-familia\/autoconcepte_i_autoestima\/\" ><img decoding=\"async\"  src=\"https:\/\/collegisdiocesans.com\/cd\/wp-content\/plugins\/ultimate-post\/assets\/img\/ultp-fallback-img.png\" alt=\"dummy-img\" \/><\/a><\/div><div class=\"ultp-block-content ultp-block-content-bottomPosition\"><div class=\"ultp-block-content-inner\"><div class=\"ultp-category-grid ultp-category-classic ultp-category-aboveTitle\"><div class=\"ultp-category-in\"><a class=\"ultp-cat-cursos-anteriors-cat\" href=\"https:\/\/collegisdiocesans.com\/cd\/category\/cursos-anteriors-cat\/\"  >Cursos anteriors<\/a><\/div><\/div><h3 class=\"ultp-block-title \"><a href=\"https:\/\/collegisdiocesans.com\/cd\/formacion-familia\/autoconcepte_i_autoestima\/\" >Autoconcepte i autoestima\u200b<\/a><\/h3><div class=\"ultp-block-readmore\"><a aria-label=\"Autoconcepte i autoestima\u200b\" href=\"https:\/\/collegisdiocesans.com\/cd\/formacion-familia\/autoconcepte_i_autoestima\/\" >Inscriure&#8217;s<svg enable-background=\"new 0 0 477.175 477.175\" version=\"1.1\" viewBox=\"0 0 477.18 477.18\"><path d=\"m360.73 229.08-225.1-225.1c-5.3-5.3-13.8-5.3-19.1 0s-5.3 13.8 0 19.1l215.5 215.5-215.5 215.5c-5.3 5.3-5.3 13.8 0 19.1 2.6 2.6 6.1 4 9.5 4s6.9-1.3 9.5-4l225.1-225.1c5.3-5.2 5.3-13.8 0.1-19z\"><\/path><\/svg><\/a><\/div><\/div><\/div><\/div><\/div><\/div><\/div><div class=\"pagination-block-html\" aria-hidden=\"true\" style=\"display: none;\"><\/div><\/div><\/div><\/div><\/div><\/div>\n<\/div><\/div>\n","protected":false},"excerpt":{"rendered":"<p>Fam\u00edlia &#8211; Escola: un vincle essencial en l&#8217;educaci\u00f3 dels nostres fills. Per sort o per desgr\u00e0cia, els fills no v\u00e9nen amb manual d&#8217;instruccions i, a vegades, \u00e9s dif\u00edcil saber com&#8230;<\/p>\n","protected":false},"author":2,"featured_media":0,"parent":0,"menu_order":0,"comment_status":"closed","ping_status":"closed","template":"","meta":{"footnotes":""},"class_list":["post-9490","page","type-page","status-publish","hentry"],"_links":{"self":[{"href":"https:\/\/collegisdiocesans.com\/cd\/wp-json\/wp\/v2\/pages\/9490","targetHints":{"allow":["GET"]}}],"collection":[{"href":"https:\/\/collegisdiocesans.com\/cd\/wp-json\/wp\/v2\/pages"}],"about":[{"href":"https:\/\/collegisdiocesans.com\/cd\/wp-json\/wp\/v2\/types\/page"}],"author":[{"embeddable":true,"href":"https:\/\/collegisdiocesans.com\/cd\/wp-json\/wp\/v2\/users\/2"}],"replies":[{"embeddable":true,"href":"https:\/\/collegisdiocesans.com\/cd\/wp-json\/wp\/v2\/comments?post=9490"}],"version-history":[{"count":22,"href":"https:\/\/collegisdiocesans.com\/cd\/wp-json\/wp\/v2\/pages\/9490\/revisions"}],"predecessor-version":[{"id":11332,"href":"https:\/\/collegisdiocesans.com\/cd\/wp-json\/wp\/v2\/pages\/9490\/revisions\/11332"}],"wp:attachment":[{"href":"https:\/\/collegisdiocesans.com\/cd\/wp-json\/wp\/v2\/media?parent=9490"}],"curies":[{"name":"wp","href":"https:\/\/api.w.org\/{rel}","templated":true}]}}